{"id":309,"date":"2017-02-26T23:20:58","date_gmt":"2017-02-26T22:20:58","guid":{"rendered":"http:\/\/www.choeurvibrations21.fr\/Wordpress\/?page_id=309"},"modified":"2017-04-24T15:04:25","modified_gmt":"2017-04-24T13:04:25","slug":"2013-eclipsss","status":"publish","type":"page","link":"https:\/\/www.choeurvibrations21.fr\/Wordpress\/2013-eclipsss\/","title":{"rendered":"<center><span style=\"color: #E51141\">2013-Eclipsss&#8230;<\/span><\/center>"},"content":{"rendered":"<p style=\"text-align: center;\"><span style=\"color: #000000;\">Eclipsss&#8230; c&rsquo;est avant tout l&rsquo;histoire d&rsquo;un r\u00eave, d&rsquo;une qu\u00eate, d&rsquo;une rencontre \u00e9trange,<\/span><br \/>\n<span style=\"color: #000000;\">intense et particuli\u00e8re, qui se cache sous les traits d&rsquo;une com\u00e9die musicale surprenante,<\/span><br \/>\n<span style=\"color: #000000;\">color\u00e9e, dansante, attachante, pleine d&rsquo;\u00e9motion&#8230;<\/span><\/p>\n<p>[ngg_images source=\u00a0\u00bbgalleries\u00a0\u00bb container_ids=\u00a0\u00bb12&Prime; display_type=\u00a0\u00bbphotocrati-nextgen_basic_slideshow\u00a0\u00bb gallery_width=\u00a0\u00bb800&Prime; gallery_height=\u00a0\u00bb600&Prime; cycle_effect=\u00a0\u00bbcover\u00a0\u00bb cycle_interval=\u00a0\u00bb5&Prime; show_thumbnail_link=\u00a0\u00bb1&Prime; thumbnail_link_text=\u00a0\u00bb[Affichez sous forme de vignettes]\u00a0\u00bb order_by=\u00a0\u00bbsortorder\u00a0\u00bb order_direction=\u00a0\u00bbASC\u00a0\u00bb returns=\u00a0\u00bbincluded\u00a0\u00bb maximum_entity_count=\u00a0\u00bb500&Prime;]<\/p>\n","protected":false},"excerpt":{"rendered":"<p>Eclipsss&#8230; c&rsquo;est avant tout l&rsquo;histoire d&rsquo;un r\u00eave, d&rsquo;une qu\u00eate, d&rsquo;une rencontre \u00e9trange, intense et particuli\u00e8re, qui se cache sous les traits d&rsquo;une com\u00e9die musicale surprenante, color\u00e9e, dansante, attachante, pleine d&rsquo;\u00e9motion&#8230; &#8230;<\/p>\n","protected":false},"author":1,"featured_media":0,"parent":0,"menu_order":0,"comment_status":"closed","ping_status":"closed","template":"","meta":{"footnotes":""},"class_list":["post-309","page","type-page","status-publish","hentry"],"_links":{"self":[{"href":"https:\/\/www.choeurvibrations21.fr\/Wordpress\/wp-json\/wp\/v2\/pages\/309","targetHints":{"allow":["GET"]}}],"collection":[{"href":"https:\/\/www.choeurvibrations21.fr\/Wordpress\/wp-json\/wp\/v2\/pages"}],"about":[{"href":"https:\/\/www.choeurvibrations21.fr\/Wordpress\/wp-json\/wp\/v2\/types\/page"}],"author":[{"embeddable":true,"href":"https:\/\/www.choeurvibrations21.fr\/Wordpress\/wp-json\/wp\/v2\/users\/1"}],"replies":[{"embeddable":true,"href":"https:\/\/www.choeurvibrations21.fr\/Wordpress\/wp-json\/wp\/v2\/comments?post=309"}],"version-history":[{"count":10,"href":"https:\/\/www.choeurvibrations21.fr\/Wordpress\/wp-json\/wp\/v2\/pages\/309\/revisions"}],"predecessor-version":[{"id":1588,"href":"https:\/\/www.choeurvibrations21.fr\/Wordpress\/wp-json\/wp\/v2\/pages\/309\/revisions\/1588"}],"wp:attachment":[{"href":"https:\/\/www.choeurvibrations21.fr\/Wordpress\/wp-json\/wp\/v2\/media?parent=309"}],"curies":[{"name":"wp","href":"https:\/\/api.w.org\/{rel}","templated":true}]}}