{"id":307,"date":"2017-02-26T23:20:44","date_gmt":"2017-02-26T22:20:44","guid":{"rendered":"http:\/\/www.choeurvibrations21.fr\/Wordpress\/?page_id=307"},"modified":"2017-04-24T15:31:44","modified_gmt":"2017-04-24T13:31:44","slug":"2011-manege","status":"publish","type":"page","link":"https:\/\/www.choeurvibrations21.fr\/Wordpress\/2011-manege\/","title":{"rendered":"<center><span style=\"color: #E51141\">2011-Man\u00e8ge<\/span><\/center>"},"content":{"rendered":"<p style=\"text-align: center;\"><span style=\"color: #000000;\">MANEGE, mot \u00ab\u00a0magique\u00a0\u00bb qui \u00e9voque d&rsquo;abord l&rsquo;enfance, les \u00e9motions de la f\u00eate foraine mais aussi le film de nos vies tourbillonnantes.<\/span><br \/>\n<span style=\"text-align: center;\"><span style=\"color: #000000;\">Les flonflons se rapprochent&#8230;<\/span><br \/>\n<span style=\"color: #000000;\">Et si, parmi les personnages de ce \u00ab\u00a0MANEGE\u00a0\u00bb, certains avaient soudain la facult\u00e9 de quitter leurs vies inanim\u00e9es d&rsquo;observateurs <\/span><br \/>\n<span style=\"color: #000000;\">pour nous rejoindre, que nous raconteraient-ils?<\/span><\/span><\/p>\n<p>[ngg_images source=\u00a0\u00bbgalleries\u00a0\u00bb container_ids=\u00a0\u00bb11&Prime; display_type=\u00a0\u00bbphotocrati-nextgen_basic_slideshow\u00a0\u00bb gallery_width=\u00a0\u00bb800&Prime; gallery_height=\u00a0\u00bb600&Prime; cycle_effect=\u00a0\u00bbcover\u00a0\u00bb cycle_interval=\u00a0\u00bb5&Prime; show_thumbnail_link=\u00a0\u00bb1&Prime; thumbnail_link_text=\u00a0\u00bb[Affichez sous forme de vignettes]\u00a0\u00bb order_by=\u00a0\u00bbsortorder\u00a0\u00bb order_direction=\u00a0\u00bbASC\u00a0\u00bb returns=\u00a0\u00bbincluded\u00a0\u00bb maximum_entity_count=\u00a0\u00bb500&Prime;]<\/p>\n","protected":false},"excerpt":{"rendered":"<p>MANEGE, mot \u00ab\u00a0magique\u00a0\u00bb qui \u00e9voque d&rsquo;abord l&rsquo;enfance, les \u00e9motions de la f\u00eate foraine mais aussi le film de nos vies tourbillonnantes. Les flonflons se rapprochent&#8230; Et si, parmi les personnages &#8230;<\/p>\n","protected":false},"author":1,"featured_media":0,"parent":0,"menu_order":0,"comment_status":"closed","ping_status":"closed","template":"","meta":{"footnotes":""},"class_list":["post-307","page","type-page","status-publish","hentry"],"_links":{"self":[{"href":"https:\/\/www.choeurvibrations21.fr\/Wordpress\/wp-json\/wp\/v2\/pages\/307","targetHints":{"allow":["GET"]}}],"collection":[{"href":"https:\/\/www.choeurvibrations21.fr\/Wordpress\/wp-json\/wp\/v2\/pages"}],"about":[{"href":"https:\/\/www.choeurvibrations21.fr\/Wordpress\/wp-json\/wp\/v2\/types\/page"}],"author":[{"embeddable":true,"href":"https:\/\/www.choeurvibrations21.fr\/Wordpress\/wp-json\/wp\/v2\/users\/1"}],"replies":[{"embeddable":true,"href":"https:\/\/www.choeurvibrations21.fr\/Wordpress\/wp-json\/wp\/v2\/comments?post=307"}],"version-history":[{"count":19,"href":"https:\/\/www.choeurvibrations21.fr\/Wordpress\/wp-json\/wp\/v2\/pages\/307\/revisions"}],"predecessor-version":[{"id":1601,"href":"https:\/\/www.choeurvibrations21.fr\/Wordpress\/wp-json\/wp\/v2\/pages\/307\/revisions\/1601"}],"wp:attachment":[{"href":"https:\/\/www.choeurvibrations21.fr\/Wordpress\/wp-json\/wp\/v2\/media?parent=307"}],"curies":[{"name":"wp","href":"https:\/\/api.w.org\/{rel}","templated":true}]}}