{"id":261,"date":"2017-02-26T23:15:33","date_gmt":"2017-02-26T22:15:33","guid":{"rendered":"http:\/\/www.choeurvibrations21.fr\/Wordpress\/?page_id=261"},"modified":"2017-04-24T15:29:47","modified_gmt":"2017-04-24T13:29:47","slug":"2005-la-mer-a-voir","status":"publish","type":"page","link":"https:\/\/www.choeurvibrations21.fr\/Wordpress\/2005-la-mer-a-voir\/","title":{"rendered":"<center><span style=\"color: #E51141\">2005-La mer \u00e0 voir<\/span><\/center>"},"content":{"rendered":"<p style=\"text-align: center;\"><span style=\"color: #000000;\">Les premiers cong\u00e9s pay\u00e9s, et avec eux la d\u00e9couverte de la mer, des plages et de leurs activit\u00e9s diverses.<\/span><br \/>\n<span style=\"color: #000000;\">Un spectacle \u00e9mouvant, dr\u00f4le et tr\u00e8s po\u00e9tique de la troupe Vibrations.<\/span><\/p>\n<p>[ngg_images source=\u00a0\u00bbgalleries\u00a0\u00bb container_ids=\u00a0\u00bb2&Prime; display_type=\u00a0\u00bbphotocrati-nextgen_basic_slideshow\u00a0\u00bb gallery_width=\u00a0\u00bb800&Prime; gallery_height=\u00a0\u00bb600&Prime; cycle_effect=\u00a0\u00bbcover\u00a0\u00bb cycle_interval=\u00a0\u00bb5&Prime; show_thumbnail_link=\u00a0\u00bb1&Prime; thumbnail_link_text=\u00a0\u00bb[Affichez sous forme de vignettes]\u00a0\u00bb order_by=\u00a0\u00bbsortorder\u00a0\u00bb order_direction=\u00a0\u00bbASC\u00a0\u00bb returns=\u00a0\u00bbincluded\u00a0\u00bb maximum_entity_count=\u00a0\u00bb500&Prime;]<\/p>\n","protected":false},"excerpt":{"rendered":"<p>Les premiers cong\u00e9s pay\u00e9s, et avec eux la d\u00e9couverte de la mer, des plages et de leurs activit\u00e9s diverses. Un spectacle \u00e9mouvant, dr\u00f4le et tr\u00e8s po\u00e9tique de la troupe Vibrations. &#8230;<\/p>\n","protected":false},"author":1,"featured_media":0,"parent":0,"menu_order":0,"comment_status":"closed","ping_status":"closed","template":"","meta":{"footnotes":""},"class_list":["post-261","page","type-page","status-publish","hentry"],"_links":{"self":[{"href":"https:\/\/www.choeurvibrations21.fr\/Wordpress\/wp-json\/wp\/v2\/pages\/261","targetHints":{"allow":["GET"]}}],"collection":[{"href":"https:\/\/www.choeurvibrations21.fr\/Wordpress\/wp-json\/wp\/v2\/pages"}],"about":[{"href":"https:\/\/www.choeurvibrations21.fr\/Wordpress\/wp-json\/wp\/v2\/types\/page"}],"author":[{"embeddable":true,"href":"https:\/\/www.choeurvibrations21.fr\/Wordpress\/wp-json\/wp\/v2\/users\/1"}],"replies":[{"embeddable":true,"href":"https:\/\/www.choeurvibrations21.fr\/Wordpress\/wp-json\/wp\/v2\/comments?post=261"}],"version-history":[{"count":13,"href":"https:\/\/www.choeurvibrations21.fr\/Wordpress\/wp-json\/wp\/v2\/pages\/261\/revisions"}],"predecessor-version":[{"id":1598,"href":"https:\/\/www.choeurvibrations21.fr\/Wordpress\/wp-json\/wp\/v2\/pages\/261\/revisions\/1598"}],"wp:attachment":[{"href":"https:\/\/www.choeurvibrations21.fr\/Wordpress\/wp-json\/wp\/v2\/media?parent=261"}],"curies":[{"name":"wp","href":"https:\/\/api.w.org\/{rel}","templated":true}]}}