{"id":19,"date":"2017-02-19T20:41:24","date_gmt":"2017-02-19T19:41:24","guid":{"rendered":"http:\/\/www.choeurvibrations21.fr\/Wordpress\/?page_id=19"},"modified":"2025-11-30T13:34:55","modified_gmt":"2025-11-30T12:34:55","slug":"accueil","status":"publish","type":"page","link":"https:\/\/www.choeurvibrations21.fr\/Wordpress\/","title":{"rendered":"Nous vous donnons rendez-vous les 28 et 29 mars 2026 au C\u00e8dre \u00e0 Chenove !"},"content":{"rendered":"\n<p>.<\/p>\n\n\n\n<p class=\"has-text-align-right\"><strong> <\/strong><\/p>\n\n\n\n<h2 class=\"wp-block-heading has-text-align-center\"><\/h2>\n\n\n\n<p><\/p>\n\n\n\n<p><\/p>\n\n\n<div class=\"wp-block-image\">\n<figure class=\"aligncenter size-large\"><img loading=\"lazy\" decoding=\"async\" width=\"724\" height=\"1024\" src=\"https:\/\/www.choeurvibrations21.fr\/Wordpress\/wp-content\/uploads\/2025\/11\/Affiche-La-Salsa-des-saveurs_page-0001-724x1024.jpg\" alt=\"\" class=\"wp-image-5058\" srcset=\"https:\/\/www.choeurvibrations21.fr\/Wordpress\/wp-content\/uploads\/2025\/11\/Affiche-La-Salsa-des-saveurs_page-0001-724x1024.jpg 724w, https:\/\/www.choeurvibrations21.fr\/Wordpress\/wp-content\/uploads\/2025\/11\/Affiche-La-Salsa-des-saveurs_page-0001-212x300.jpg 212w, https:\/\/www.choeurvibrations21.fr\/Wordpress\/wp-content\/uploads\/2025\/11\/Affiche-La-Salsa-des-saveurs_page-0001-768x1086.jpg 768w, https:\/\/www.choeurvibrations21.fr\/Wordpress\/wp-content\/uploads\/2025\/11\/Affiche-La-Salsa-des-saveurs_page-0001-1086x1536.jpg 1086w, https:\/\/www.choeurvibrations21.fr\/Wordpress\/wp-content\/uploads\/2025\/11\/Affiche-La-Salsa-des-saveurs_page-0001-1448x2048.jpg 1448w, https:\/\/www.choeurvibrations21.fr\/Wordpress\/wp-content\/uploads\/2025\/11\/Affiche-La-Salsa-des-saveurs_page-0001-scaled.jpg 1810w\" sizes=\"auto, (max-width: 724px) 100vw, 724px\" \/><\/figure>\n<\/div>\n\n\n<div class=\"wp-block-columns is-layout-flex wp-container-core-columns-is-layout-9d6595d7 wp-block-columns-is-layout-flex\">\n<div class=\"wp-block-column is-layout-flow wp-block-column-is-layout-flow\">\n<p class=\"has-text-align-center\"><\/p>\n\n\n\n<h2 class=\"wp-block-heading has-text-align-center\">Vous avez \u00e9t\u00e9 plus de 1200 spectateurs \u00e0 venir applaudir Ma\u00eetre Chanteur en octobre 2024 au C\u00e8dre de Chenove !<\/h2>\n\n\n\n<p><\/p>\n\n\n\n<h2 class=\"wp-block-heading alignwide has-text-align-center\">Vibrations vous propose sa derni\u00e8re cr\u00e9ation \u00ab<strong> La Salsa des saveurs <\/strong>\u00bb o\u00f9 comment l\u2019arriv\u00e9e impromptue d\u2019un Food truck sur la place du village va opposer les habitants du quartier. Lisa, p\u00e9tillante colombienne pleine de ressources pourra-t-elle se faire accepter et convertir les r\u00e9fractaires \u00e0 ses sp\u00e9cialit\u00e9s ?<\/h2>\n\n\n\n<p><\/p>\n\n\n<div class=\"wp-block-image is-style-rounded\">\n<figure class=\"aligncenter size-large is-resized\"><img loading=\"lazy\" decoding=\"async\" width=\"768\" height=\"1024\" src=\"https:\/\/www.choeurvibrations21.fr\/Wordpress\/wp-content\/uploads\/2024\/10\/IMG-20241020-WA0009-768x1024.jpg\" alt=\"\" class=\"wp-image-4358\" style=\"width:377px;height:auto\" srcset=\"https:\/\/www.choeurvibrations21.fr\/Wordpress\/wp-content\/uploads\/2024\/10\/IMG-20241020-WA0009-768x1024.jpg 768w, https:\/\/www.choeurvibrations21.fr\/Wordpress\/wp-content\/uploads\/2024\/10\/IMG-20241020-WA0009-225x300.jpg 225w, https:\/\/www.choeurvibrations21.fr\/Wordpress\/wp-content\/uploads\/2024\/10\/IMG-20241020-WA0009-1152x1536.jpg 1152w, https:\/\/www.choeurvibrations21.fr\/Wordpress\/wp-content\/uploads\/2024\/10\/IMG-20241020-WA0009.jpg 1500w\" sizes=\"auto, (max-width: 768px) 100vw, 768px\" \/><\/figure>\n<\/div>\n\n<div class=\"wp-block-image is-style-rounded\">\n<figure class=\"aligncenter size-large is-resized\"><img loading=\"lazy\" decoding=\"async\" width=\"768\" height=\"1024\" src=\"https:\/\/www.choeurvibrations21.fr\/Wordpress\/wp-content\/uploads\/2024\/10\/FB_IMG_1729537542110-1-768x1024.jpg\" alt=\"\" class=\"wp-image-4379\" style=\"width:372px;height:auto\" srcset=\"https:\/\/www.choeurvibrations21.fr\/Wordpress\/wp-content\/uploads\/2024\/10\/FB_IMG_1729537542110-1-768x1024.jpg 768w, https:\/\/www.choeurvibrations21.fr\/Wordpress\/wp-content\/uploads\/2024\/10\/FB_IMG_1729537542110-1-225x300.jpg 225w, https:\/\/www.choeurvibrations21.fr\/Wordpress\/wp-content\/uploads\/2024\/10\/FB_IMG_1729537542110-1.jpg 1080w\" sizes=\"auto, (max-width: 768px) 100vw, 768px\" \/><\/figure>\n<\/div>\n\n<div class=\"wp-block-image\">\n<figure class=\"aligncenter size-large\"><img loading=\"lazy\" decoding=\"async\" width=\"1024\" height=\"576\" src=\"https:\/\/www.choeurvibrations21.fr\/Wordpress\/wp-content\/uploads\/2024\/10\/FB_IMG_1729529957031-1024x576.jpg\" alt=\"\" class=\"wp-image-4374\" srcset=\"https:\/\/www.choeurvibrations21.fr\/Wordpress\/wp-content\/uploads\/2024\/10\/FB_IMG_1729529957031-1024x576.jpg 1024w, https:\/\/www.choeurvibrations21.fr\/Wordpress\/wp-content\/uploads\/2024\/10\/FB_IMG_1729529957031-300x169.jpg 300w, https:\/\/www.choeurvibrations21.fr\/Wordpress\/wp-content\/uploads\/2024\/10\/FB_IMG_1729529957031-768x432.jpg 768w, https:\/\/www.choeurvibrations21.fr\/Wordpress\/wp-content\/uploads\/2024\/10\/FB_IMG_1729529957031.jpg 1080w\" sizes=\"auto, (max-width: 1024px) 100vw, 1024px\" \/><\/figure>\n<\/div>\n\n<div class=\"wp-block-image is-style-rounded\">\n<figure class=\"aligncenter size-large is-resized\"><img loading=\"lazy\" decoding=\"async\" width=\"768\" height=\"1024\" src=\"https:\/\/www.choeurvibrations21.fr\/Wordpress\/wp-content\/uploads\/2024\/10\/IMG-20241020-WA0003-1-768x1024.jpg\" alt=\"\" class=\"wp-image-4378\" style=\"width:346px;height:auto\" srcset=\"https:\/\/www.choeurvibrations21.fr\/Wordpress\/wp-content\/uploads\/2024\/10\/IMG-20241020-WA0003-1-768x1024.jpg 768w, https:\/\/www.choeurvibrations21.fr\/Wordpress\/wp-content\/uploads\/2024\/10\/IMG-20241020-WA0003-1-225x300.jpg 225w, https:\/\/www.choeurvibrations21.fr\/Wordpress\/wp-content\/uploads\/2024\/10\/IMG-20241020-WA0003-1-1152x1536.jpg 1152w, https:\/\/www.choeurvibrations21.fr\/Wordpress\/wp-content\/uploads\/2024\/10\/IMG-20241020-WA0003-1.jpg 1500w\" sizes=\"auto, (max-width: 768px) 100vw, 768px\" \/><\/figure>\n<\/div><\/div>\n<\/div>\n\n\n\n<h2 class=\"wp-block-heading has-text-align-center\">Rendez vous au printemps 2026 pour un nouveau spectacle haut en couleur,  plein de  rire et d&rsquo;\u00e9motion et, bien s\u00fbr, toujours en chansons !<\/h2>\n\n\n\n<p class=\"has-text-align-center\"><strong>Vibrations, depuis pr\u00e8s de 20 ans, fait rimer chant, danse et com\u00e9die dans des spectacles enlev\u00e9s, originaux et pleins de joie. Troupe compos\u00e9e d&rsquo;amateurs encadr\u00e9e par des professionnels, la cinquantaine de choristes-com\u00e9diens-danseurs \u00e9crit et met en sc\u00e8ne des com\u00e9dies musicales vari\u00e9es et color\u00e9es.<\/strong><\/p>\n\n\n\n<figure class=\"wp-block-gallery has-nested-images columns-default is-cropped wp-block-gallery-1 is-layout-flex wp-block-gallery-is-layout-flex\"><\/figure>\n\n\n\n\n\n\n","protected":false},"excerpt":{"rendered":"<p>. Vous avez \u00e9t\u00e9 plus de 1200 spectateurs \u00e0 venir applaudir Ma\u00eetre Chanteur en octobre 2024 au C\u00e8dre de Chenove ! Vibrations vous propose sa derni\u00e8re cr\u00e9ation \u00ab La Salsa &#8230;<\/p>\n","protected":false},"author":1,"featured_media":0,"parent":0,"menu_order":0,"comment_status":"closed","ping_status":"closed","template":"","meta":{"footnotes":""},"class_list":["post-19","page","type-page","status-publish","hentry"],"_links":{"self":[{"href":"https:\/\/www.choeurvibrations21.fr\/Wordpress\/wp-json\/wp\/v2\/pages\/19","targetHints":{"allow":["GET"]}}],"collection":[{"href":"https:\/\/www.choeurvibrations21.fr\/Wordpress\/wp-json\/wp\/v2\/pages"}],"about":[{"href":"https:\/\/www.choeurvibrations21.fr\/Wordpress\/wp-json\/wp\/v2\/types\/page"}],"author":[{"embeddable":true,"href":"https:\/\/www.choeurvibrations21.fr\/Wordpress\/wp-json\/wp\/v2\/users\/1"}],"replies":[{"embeddable":true,"href":"https:\/\/www.choeurvibrations21.fr\/Wordpress\/wp-json\/wp\/v2\/comments?post=19"}],"version-history":[{"count":256,"href":"https:\/\/www.choeurvibrations21.fr\/Wordpress\/wp-json\/wp\/v2\/pages\/19\/revisions"}],"predecessor-version":[{"id":5078,"href":"https:\/\/www.choeurvibrations21.fr\/Wordpress\/wp-json\/wp\/v2\/pages\/19\/revisions\/5078"}],"wp:attachment":[{"href":"https:\/\/www.choeurvibrations21.fr\/Wordpress\/wp-json\/wp\/v2\/media?parent=19"}],"curies":[{"name":"wp","href":"https:\/\/api.w.org\/{rel}","templated":true}]}}