{"id":1385,"date":"2017-03-22T16:12:12","date_gmt":"2017-03-22T15:12:12","guid":{"rendered":"http:\/\/www.choeurvibrations21.fr\/Wordpress\/?page_id=1385"},"modified":"2019-01-23T23:47:42","modified_gmt":"2019-01-23T22:47:42","slug":"boutique","status":"publish","type":"page","link":"https:\/\/www.choeurvibrations21.fr\/Wordpress\/boutique\/","title":{"rendered":"<span style=\"color: #0082C9\">Boutique<\/span>"},"content":{"rendered":"<table>\n<tbody>\n<tr>\n<td><center><img loading=\"lazy\" decoding=\"async\" class=\"alignnone size-medium wp-image-1433\" src=\"https:\/\/www.choeurvibrations21.fr\/Wordpress\/wp-content\/uploads\/2017\/03\/dvd-eclipsss-216x300.jpg\" alt=\"\" width=\"216\" height=\"300\"><\/center><\/td>\n<td><center><img loading=\"lazy\" decoding=\"async\" class=\"alignnone size-medium wp-image-1431\" src=\"https:\/\/www.choeurvibrations21.fr\/Wordpress\/wp-content\/uploads\/2017\/03\/dvd-jedemain-215x300.jpg\" alt=\"\" width=\"215\" height=\"300\"><\/center><\/td>\n<td><center><img loading=\"lazy\" decoding=\"async\" class=\"alignnone size-medium wp-image-1432\" src=\"https:\/\/www.choeurvibrations21.fr\/Wordpress\/wp-content\/uploads\/2017\/03\/dvd-gargouilles-215x300.jpg\" alt=\"\" width=\"215\" height=\"300\"><\/center><\/td>\n<td><center><img loading=\"lazy\" decoding=\"async\" class=\"alignnone size-medium wp-image-1432\" src=\"https:\/\/www.choeurvibrations21.fr\/Wordpress\/wp-content\/uploads\/2018\/04\/dvd-ahmusezvous-215x300.jpg\" alt=\"\" width=\"215\" height=\"300\"><\/center><\/td>\n<\/tr>\n<tr>\n<td><center><span style=\"color: #000000;\">Prix 5\u20ac<\/span><\/center><\/td>\n<td><center><span style=\"color: #000000;\">Prix 10\u20ac<\/span><\/center><\/td>\n<td><center><span style=\"color: #000000;\">Prix 15\u20ac<\/span><\/center><\/td>\n<td><center><span style=\"color: #000000;\">Prix 19\u20ac (17\u20ac + 2\u20ac de frais de port)<\/span><\/center><\/td>\n<\/tr>\n<\/tbody>\n<\/table>\n<p style=\"text-align: center;\"><span style=\"color: #000000;\">Si vous souhaitez commander des DVD de nos anciens spectacles, merci de remplir le formulaire ci-dessous.<\/span><\/p>\n<p style=\"text-align: center;\"><span style=\"color: #000000;\">Port compris pour l&rsquo;achat de 2 DVD au choix et un DVD offert au choix dans les anciens (sauf Ah-musez-vous !\u00a0\u00bb pour l&rsquo;achat de 3.<\/span><\/p>\n<p style=\"text-align: center;\"><span style=\"color: #000000;\"><strong>Merci de bien indiquer votre num\u00e9ro de t\u00e9l\u00e9phone afin de pouvoir \u00eatre rappel\u00e9 dans les plus brefs d\u00e9lais.<\/strong><\/span><\/p>\n<p>[contact-form-7 id=\u00a0\u00bb1389&Prime; title=\u00a0\u00bbBoutique\u00a0\u00bb]<\/p>\n","protected":false},"excerpt":{"rendered":"<p>Prix 5\u20ac Prix 10\u20ac Prix 15\u20ac Prix 19\u20ac (17\u20ac + 2\u20ac de frais de port) Si vous souhaitez commander des DVD de nos anciens spectacles, merci de remplir le formulaire &#8230;<\/p>\n","protected":false},"author":1,"featured_media":0,"parent":0,"menu_order":0,"comment_status":"closed","ping_status":"closed","template":"","meta":{"footnotes":""},"class_list":["post-1385","page","type-page","status-publish","hentry"],"_links":{"self":[{"href":"https:\/\/www.choeurvibrations21.fr\/Wordpress\/wp-json\/wp\/v2\/pages\/1385","targetHints":{"allow":["GET"]}}],"collection":[{"href":"https:\/\/www.choeurvibrations21.fr\/Wordpress\/wp-json\/wp\/v2\/pages"}],"about":[{"href":"https:\/\/www.choeurvibrations21.fr\/Wordpress\/wp-json\/wp\/v2\/types\/page"}],"author":[{"embeddable":true,"href":"https:\/\/www.choeurvibrations21.fr\/Wordpress\/wp-json\/wp\/v2\/users\/1"}],"replies":[{"embeddable":true,"href":"https:\/\/www.choeurvibrations21.fr\/Wordpress\/wp-json\/wp\/v2\/comments?post=1385"}],"version-history":[{"count":38,"href":"https:\/\/www.choeurvibrations21.fr\/Wordpress\/wp-json\/wp\/v2\/pages\/1385\/revisions"}],"predecessor-version":[{"id":2307,"href":"https:\/\/www.choeurvibrations21.fr\/Wordpress\/wp-json\/wp\/v2\/pages\/1385\/revisions\/2307"}],"wp:attachment":[{"href":"https:\/\/www.choeurvibrations21.fr\/Wordpress\/wp-json\/wp\/v2\/media?parent=1385"}],"curies":[{"name":"wp","href":"https:\/\/api.w.org\/{rel}","templated":true}]}}