{"id":120,"date":"2017-02-19T23:13:04","date_gmt":"2017-02-19T22:13:04","guid":{"rendered":"http:\/\/www.choeurvibrations21.fr\/Wordpress\/?page_id=120"},"modified":"2025-11-30T11:49:07","modified_gmt":"2025-11-30T10:49:07","slug":"la-troupe","status":"publish","type":"page","link":"https:\/\/www.choeurvibrations21.fr\/Wordpress\/la-troupe\/","title":{"rendered":"<span style=\"color: #0082C9\">La troupe <\/span>"},"content":{"rendered":"<div class=\"wp-block-image\">\n<figure class=\"aligncenter size-large\"><img loading=\"lazy\" decoding=\"async\" width=\"1024\" height=\"133\" src=\"https:\/\/www.choeurvibrations21.fr\/Wordpress\/wp-content\/uploads\/2023\/03\/la-troupe-1024x133.png\" alt=\"\" class=\"wp-image-3522\" srcset=\"https:\/\/www.choeurvibrations21.fr\/Wordpress\/wp-content\/uploads\/2023\/03\/la-troupe-1024x133.png 1024w, https:\/\/www.choeurvibrations21.fr\/Wordpress\/wp-content\/uploads\/2023\/03\/la-troupe-300x39.png 300w, https:\/\/www.choeurvibrations21.fr\/Wordpress\/wp-content\/uploads\/2023\/03\/la-troupe-768x100.png 768w, https:\/\/www.choeurvibrations21.fr\/Wordpress\/wp-content\/uploads\/2023\/03\/la-troupe-1536x200.png 1536w, https:\/\/www.choeurvibrations21.fr\/Wordpress\/wp-content\/uploads\/2023\/03\/la-troupe.png 1919w\" sizes=\"auto, (max-width: 1024px) 100vw, 1024px\" \/><\/figure>\n<\/div>\n\n\n<p><\/p>\n\n\n\n<h2 class=\"wp-block-heading\">Qui sommes nous ?<\/h2>\n\n\n\n<div class=\"wp-block-buttons is-layout-flex wp-block-buttons-is-layout-flex\">\n<div class=\"wp-block-button\"><a class=\"wp-block-button__link wp-element-button\" href=\"https:\/\/www.choeurvibrations21.fr\/Wordpress\/wp-content\/uploads\/2023\/03\/presentation-vibrations-3_pxAPIQlh.mp4\">Notre vid\u00e9o de pr\u00e9sentation r\u00e9alis\u00e9e par la Maison des Associations<\/a><\/div>\n\n\n<\/div>\n\n\n\n<div class=\"wp-block-group is-content-justification-space-between is-nowrap is-layout-flex wp-container-core-group-is-layout-0dfbf163 wp-block-group-is-layout-flex\">\n<div class=\"wp-block-group is-vertical is-layout-flex wp-container-core-group-is-layout-8cf370e7 wp-block-group-is-layout-flex\">\n<p><\/p>\n\n\n\n<p><\/p>\n\n\n\n<p class=\"has-text-align-left\"><strong>Nous sommes une troupe musicale d&rsquo;environ 50 choristes, com\u00e9diens et danseurs. Notre vocation est de pr\u00e9senter un nouveau spectacle musical tous les 12 \u00e0 18 mois. Nous chantons mais aussi, nous dansons et jouons la com\u00e9die. Nos spectacles sont des cr\u00e9ations originales : sc\u00e9nario, d\u00e9cors, costumes<\/strong> <strong>; enti\u00e8rement con\u00e7ues et interpr\u00e9t\u00e9es par l&rsquo;ensemble de la troupe.<\/strong><\/p>\n\n\n\n<p class=\"has-text-align-left\"><strong>Nous avons \u00e0 c\u0153ur de pr\u00e9senter un spectacle populaire, tout public et qui met en avant principalement la chanson fran\u00e7aise et parfois, internationale, d&rsquo;hier et d&rsquo;aujourd&rsquo;hui.<\/strong><\/p>\n\n\n\n<p><strong>La troupe \u00e9crit, met en sc\u00e8ne ses spectacles, construit ses d\u00e9cors et cr\u00e9e ses costumes. Vibrations est coach\u00e9e par des professionnels du spectacle. La direction artistique de ce projet est compos\u00e9e de Bruno PIGNALET notre chef de ch\u0153ur et Lounna PIERDON, notre chor\u00e9graphe avec la collaboration enthousiaste de toute la troupe. <\/strong><\/p>\n\n\n\n<p><strong>Vibrations si\u00e8ge \u00e0 Dijon avec une adresse d\u00e9sormais \u00e0 la Maison des Associations, bo\u00eete TT8  2 rue des Corroyeurs 21000 DIJON. <\/strong><\/p>\n\n\n\n<p><\/p>\n\n\n\n<h2 class=\"wp-block-heading\">Venez chanter avec nous !<\/h2>\n\n\n\n<p class=\"has-text-align-left\"><strong>Notre troupe recrute r\u00e9guli\u00e8rement en fonction de ses besoins et dans les 3 mois qui suivent les spectacles<\/strong>. <strong>Vous voulez nous rejoindre ? <strong>Nos r\u00e9p\u00e9titions ont lieu \u00e0 Dijon une fois chaque mois le samedi apr\u00e8s-midi et le dimanche toute la journ\u00e9e.<\/strong><\/strong> <strong>Le lieu de la r\u00e9p\u00e9tition pouvant changer, si vous voulez venir nous rencontrer, contactez nous. <\/strong><\/p>\n\n\n\n<p class=\"has-text-align-left\"><strong>Venez nous rencontrer en prenant RDV par mail \u00e0 choeurvibrations210@gmail.com et venez assister \u00e0 un moment de r\u00e9p\u00e9tition.<\/strong> <strong>Et c\u2019est avec le plus grand plaisir que nous vous disons \u00ab&nbsp;A bient\u00f4t&nbsp;\u00bb&nbsp;<\/strong>!<\/p>\n\n\n\n<p class=\"has-text-align-right\"><strong>Le bureau et l\u2019ensemble de la troupe<\/strong><\/p>\n<\/div>\n<\/div>\n\n\n\n<p><\/p>\n","protected":false},"excerpt":{"rendered":"<p>Qui sommes nous ? Nous sommes une troupe musicale d&rsquo;environ 50 choristes, com\u00e9diens et danseurs. Notre vocation est de pr\u00e9senter un nouveau spectacle musical tous les 12 \u00e0 18 mois. &#8230;<\/p>\n","protected":false},"author":1,"featured_media":0,"parent":0,"menu_order":0,"comment_status":"closed","ping_status":"closed","template":"","meta":{"footnotes":""},"class_list":["post-120","page","type-page","status-publish","hentry"],"_links":{"self":[{"href":"https:\/\/www.choeurvibrations21.fr\/Wordpress\/wp-json\/wp\/v2\/pages\/120","targetHints":{"allow":["GET"]}}],"collection":[{"href":"https:\/\/www.choeurvibrations21.fr\/Wordpress\/wp-json\/wp\/v2\/pages"}],"about":[{"href":"https:\/\/www.choeurvibrations21.fr\/Wordpress\/wp-json\/wp\/v2\/types\/page"}],"author":[{"embeddable":true,"href":"https:\/\/www.choeurvibrations21.fr\/Wordpress\/wp-json\/wp\/v2\/users\/1"}],"replies":[{"embeddable":true,"href":"https:\/\/www.choeurvibrations21.fr\/Wordpress\/wp-json\/wp\/v2\/comments?post=120"}],"version-history":[{"count":93,"href":"https:\/\/www.choeurvibrations21.fr\/Wordpress\/wp-json\/wp\/v2\/pages\/120\/revisions"}],"predecessor-version":[{"id":5068,"href":"https:\/\/www.choeurvibrations21.fr\/Wordpress\/wp-json\/wp\/v2\/pages\/120\/revisions\/5068"}],"wp:attachment":[{"href":"https:\/\/www.choeurvibrations21.fr\/Wordpress\/wp-json\/wp\/v2\/media?parent=120"}],"curies":[{"name":"wp","href":"https:\/\/api.w.org\/{rel}","templated":true}]}}